{"id":2509,"date":"2024-06-04T10:13:21","date_gmt":"2024-06-04T10:13:21","guid":{"rendered":"https:\/\/eco-bois-alsace.fr\/datenschutzrichtlinie\/"},"modified":"2024-07-05T10:23:59","modified_gmt":"2024-07-05T10:23:59","slug":"datenschutzrichtlinie","status":"publish","type":"page","link":"https:\/\/eco-bois-alsace.fr\/de\/datenschutzrichtlinie\/","title":{"rendered":"Datenschutzrichtlinie"},"content":{"rendered":"\t\t<div data-elementor-type=\"wp-page\" data-elementor-id=\"2509\" class=\"elementor elementor-2509\" data-elementor-post-type=\"page\">\n\t\t\t\t<div class=\"elementor-element elementor-element-749d001a e-flex e-con-boxed e-con e-parent\" data-id=\"749d001a\" data-element_type=\"container\">\n\t\t\t\t\t<div class=\"e-con-inner\">\n\t\t\t\t<div class=\"elementor-element elementor-element-2c04cc3d elementor-widget elementor-widget-text-editor\" data-id=\"2c04cc3d\" data-element_type=\"widget\" data-widget_type=\"text-editor.default\">\n\t\t\t\t<div class=\"elementor-widget-container\">\n\t\t\t\t\t\t\t\n<p>Der Schutz der pers\u00f6nlichen Daten und der Privatsph\u00e4re der Nutzer unserer Website ist f\u00fcr uns von gr\u00f6\u00dfter Bedeutung.<\/p>\n\n\n\n<p>Personenbezogene Daten&#8220; sind alle Informationen, die sich auf eine nat\u00fcrliche Person beziehen, die direkt oder indirekt identifiziert wird oder identifiziert werden kann.<\/p>\n\n\n\n<h2 class=\"wp-block-heading\">Kontaktdaten des Verantwortlichen f\u00fcr die Verarbeitung personenbezogener Daten&nbsp;:<\/h2>\n\n\n\n<ul>\n<li><strong>Firma: <\/strong>Eco bois alsace<\/li>\n\n\n\n<li><strong>Url der Website: https: <\/strong>\/\/www.eco-bois-alsace.fr<\/li>\n\n\n\n<li><strong>Adresse: <\/strong>2A rue de winkel 68210 Fulleren Frankreich<\/li>\n\n\n\n<li><strong>Telefon: <\/strong>+33 3 89 25 11 72<\/li>\n\n\n\n<li><strong>Siret: <\/strong>443 179 981 000 16<\/li>\n<\/ul>\n\n\n\n<h2 class=\"wp-block-heading\">Ziel(e) der Verarbeitung (Zweck)&nbsp;:<\/h2>\n\n\n\n<p>Im Rahmen des Zugangs zu den \u00fcber unsere Website angebotenen Dienstleistungen k\u00f6nnen wir Ihre pers\u00f6nlichen Daten sammeln und verwenden, um insbesondere einen oder mehrere der unten aufgef\u00fchrten Zwecke zu erf\u00fcllen:<\/p>\n\n\n\n<ul>\n<li>Verwaltung von Informations- und Dokumentationsanfragen<\/li>\n\n\n\n<li>Vorg\u00e4nge im Zusammenhang mit der Kundenverwaltung (Bestellungen; Lieferungen; Rechnungen; Buchhaltung, Verwaltung von Kundenkonten, \u00dcberwachung der Kundenbeziehung wie z.B. die Durchf\u00fchrung von Umfragen zur Kundenzufriedenheit, Verwaltung von Beschwerden und Kundendienst)<\/li>\n\n\n\n<li>Versand von Newslettern, Werbe- oder Informationsnachrichten<\/li>\n\n\n\n<li>Die Organisation von Gewinnspielen und anderen Werbeaktionen;<\/li>\n\n\n\n<li>Austausch von Informationen in sozialen Netzwerken ;<\/li>\n\n\n\n<li>Die Verwaltung von Meinungen und Kommentaren von Personen zu Produkten, Dienstleistungen oder Inhalten.<\/li>\n\n\n\n<li>Ver\u00f6ffentlichung von Bildern und Videos f\u00fcr institutionelle oder kommerzielle Zwecke unter Beachtung des Rechts am eigenen Bild.<\/li>\n\n\n\n<li>Management von Lieferanten und Gesch\u00e4ftspartnern<\/li>\n<\/ul>\n\n\n\n<p>Dar\u00fcber hinaus k\u00f6nnen wir personenbezogene Daten f\u00fcr andere Zwecke sammeln, entweder auf der Grundlage der vorherigen Zustimmung der betroffenen Personen, auf der Grundlage der Erf\u00fcllung unserer gesetzlichen Verpflichtungen oder auf der Grundlage unseres berechtigten Interesses, unter der Voraussetzung, dass die Grundrechte und -freiheiten respektiert werden.<\/p>\n\n\n\n<h2 class=\"wp-block-heading\">Pers\u00f6nliche Daten, die gesammelt werden k\u00f6nnen<\/h2>\n\n\n\n<p>Im Rahmen der oben genannten Zwecke k\u00f6nnen wir \u00fcber diese Website haupts\u00e4chlich die folgenden Daten von Ihnen sammeln:<\/p>\n\n\n\n<ul>\n<li><strong>Identifikationsdaten<\/strong>: Anrede, Name, Vornamen, Postanschrift, Telefonnummer, E-Mail-Adresse<\/li>\n\n\n\n<li><strong>Daten in Bezug auf die Gesch\u00e4ftsbeziehung<\/strong>: Anforderung von Unterlagen, ausgef\u00fchrte Bestellungen, gekaufte Leistungen, Korrespondenz zwischen dem Kunden und dem Unternehmen, Meinungen und Kommentare<\/li>\n\n\n\n<li><strong>Daten zur Anmeldung f\u00fcr Newsletter<\/strong>: Anrede, Name, Vornamen, E-Mail-Adresse<\/li>\n\n\n\n<li><strong>Daten im Zusammenhang mit der Bewerbung<\/strong>: Bewerbungsunterlagen (Lebenslauf, Bewerbungsschreiben)<\/li>\n\n\n\n<li><strong>Verbindungsdaten in Verbindung mit Cookies: <\/strong>IP-Adresse, vom Nutzer aufgerufene Seiten, Datum und Uhrzeit des Aufrufs<\/li>\n<\/ul>\n\n\n\n<h2 class=\"wp-block-heading\">Dauer der Speicherung Ihrer Daten<\/h2>\n\n\n\n<p>Wir speichern pers\u00f6nliche Daten so lange, wie es f\u00fcr die Zwecke, f\u00fcr die sie gesammelt wurden, erforderlich ist, oder f\u00fcr die maximale Aufbewahrungsdauer, die von der geltenden Gesetzgebung vorgesehen ist.&nbsp;<br>Die Dauer variiert daher je nach den Antr\u00e4gen, Schritten und Eingaben und h\u00e4ngt insbesondere von den rechtlichen Anforderungen ab.<\/p>\n\n\n\n<p>Im Einzelnen werden \u00fcber diese Website die folgenden personenbezogenen Daten verarbeitet:&nbsp;:<\/p>\n\n\n\n<ul>\n<li>1 Jahr f\u00fcr Nachrichten, die \u00fcber die Kontaktformulare durch eine Sicherungskopie gesendet werden.<\/li>\n\n\n\n<li>Bis zur Abmeldung der Person f\u00fcr den Newsletter<\/li>\n\n\n\n<li>30 Tage f\u00fcr Sicherheitsprotokolle, die die IP-Adresse der Besucher, die ID der angemeldeten Benutzer und die IDs der Anmeldeversuche enthalten.<\/li>\n\n\n\n<li>1 Jahr f\u00fcr E-Mails mit Kontakten, Angeboten und anderen Formulartypen sowie deren Sicherungen<\/li>\n<\/ul>\n\n\n\n<h2 class=\"wp-block-heading\">Empf\u00e4nger der pers\u00f6nlichen Daten<\/h2>\n\n\n\n<p>Die gesammelten personenbezogenen Daten werden in erster Linie f\u00fcr die internen Abteilungen unseres Unternehmens als Betreiber der Website verwendet.<\/p>\n\n\n\n<p>F\u00fcr bestimmte Dienste oder Funktionen, die auf dieser Website angeboten werden, greift unser Dienstleister Cekome auf weitere Subunternehmer zur\u00fcck. Beispiel&nbsp;:<\/p>\n\n\n\n<ul>\n<li>iTheme Security zur Reduzierung unerw\u00fcnschter Bots<\/li>\n<\/ul>\n\n\n\n<p>Gem\u00e4\u00df den geltenden Vorschriften k\u00f6nnen die Daten auf Anfrage an die zust\u00e4ndigen Beh\u00f6rden weitergeleitet werden, insbesondere an \u00f6ffentliche Einrichtungen, ausschlie\u00dflich zur Erf\u00fcllung gesetzlicher Verpflichtungen, an Rechtspfleger oder Ministerialbeamte.<\/p>\n\n\n\n<h2 class=\"wp-block-heading\">Ma\u00dfnahmen zur Datensicherheit<\/h2>\n\n\n\n<p>In Anbetracht der Entwicklung der Technologien, der Implementierungskosten, der Art der zu sch\u00fctzenden Daten sowie der Risiken f\u00fcr die Rechte und Freiheiten von Personen setzt diese Website alle geeigneten technischen und organisatorischen Ma\u00dfnahmen ein, um die Vertraulichkeit der gesammelten und verarbeiteten personenbezogenen Daten und ein dem Risiko angemessenes Sicherheitsniveau zu gew\u00e4hrleisten.<\/p>\n\n\n\n<h2 class=\"wp-block-heading\">Verfahren im Falle eines Datenlecks&nbsp;:<\/h2>\n\n\n\n<p>Im Falle eines Datenverlusts aufgrund eines Problems, das als mit der auf dieser Website eingerichteten IT-Sicherheit verbunden identifiziert wurde, wird ein Informationsschreiben von unserem Dienstleister Agence 3ma group, der f\u00fcr die Aufrechterhaltung der Webl\u00f6sung zust\u00e4ndig ist, an den Betreiber der Website gesendet, um ihn dar\u00fcber zu informieren, dass die Sicherheitsl\u00fccke die Daten auf seiner Website beeinflusst haben k\u00f6nnte.<\/p>\n\n\n\n<p>Wir sind verpflichtet, Sie dar\u00fcber zu informieren, wenn diese Leckage ein hohes Risiko f\u00fcr die Privatsph\u00e4re der betroffenen Personen darstellt.<\/p>\n\n\n\n<h2 class=\"wp-block-heading\">Wie kann ich meine DSGVO-Rechte aus\u00fcben und wen kann ich kontaktieren?<\/h2>\n\n\n\n<p>Gem\u00e4\u00df der Verordnung (EU) 2016\/679 \u00fcber den Schutz personenbezogener Daten haben Sie ein Recht auf Zugang zu Ihren Daten, ein Recht auf Berichtigung, ein Recht auf L\u00f6schung nach Ablauf der geltenden gesetzlichen Fristen, ein Recht auf Einschr\u00e4nkung der Verarbeitung Ihrer Daten oder ein Recht auf \u00dcbertragbarkeit Ihrer Daten.<\/p>\n\n\n\n<p>Aus legitimen Gr\u00fcnden k\u00f6nnen Sie auch gegen die Verarbeitung Ihrer Daten Widerspruch einlegen.<\/p>\n\n\n\n<p>F\u00fcr Daten, die nicht als obligatorisch gekennzeichnet sind und denen Sie zugestimmt haben, sie zu \u00fcbermitteln und verarbeiten zu lassen, haben Sie jederzeit das Recht, Ihre Zustimmung zu widerrufen.<\/p>\n\n\n\n<p>Sie k\u00f6nnen auch \u00fcber zus\u00e4tzliche Rechte verf\u00fcgen, die im franz\u00f6sischen Recht vorgesehen sind, wie z.B. die Festlegung von Richtlinien \u00fcber die Aufbewahrung, L\u00f6schung und Offenlegung Ihrer pers\u00f6nlichen Daten nach Ihrem Tod.<\/p>\n\n\n\n<p>Um Ihre Rechte auszu\u00fcben, k\u00f6nnen Sie uns unter&nbsp; kontaktieren:<\/p>\n\n\n\n<ul>\n<li><strong>Per Post: <\/strong>Eco bois alsace &#8211; 2A rue de winkel 68210 Fulleren Frankreich<\/li>\n\n\n\n<li><strong>Per E-Mail: <\/strong>contact@eco-bois-alsace.fr<\/li>\n<\/ul>\n\n\n\n<p>Im Zusammenhang mit diesen Anfragen und zur Vermeidung von Identit\u00e4tsdiebstahl bitten wir Sie, einen g\u00fcltigen Identit\u00e4tsnachweis beizuf\u00fcgen.<\/p>\n\n\n\n<p>Wenn Sie, nachdem Sie uns kontaktiert haben, der Meinung sind, dass Ihre Rechte in Bezug auf Ihre pers\u00f6nlichen Daten nicht respektiert werden, k\u00f6nnen Sie eine Beschwerde bei der CNIL einreichen.<\/p>\n\n\n\n<h2 class=\"wp-block-heading\">Cookies: Zu welchem Zweck werden sie auf der Website verwendet?<\/h2>\n\n\n\n<p>Cookies sind Daten, die im Endger\u00e4t eines Internetnutzers gespeichert werden und von der Website verwendet werden, um Informationen an den Browser des Internetnutzers zu senden, die es dem Browser erm\u00f6glichen, Informationen an die urspr\u00fcngliche Website zur\u00fcckzugeben (z.B. eine Sitzungs-ID, eine Sprachwahl oder ein Datum).<\/p>\n\n\n\n<p>Cookies erm\u00f6glichen es, w\u00e4hrend ihrer G\u00fcltigkeitsdauer Statusinformationen zu speichern, wenn ein Browser auf verschiedene Seiten einer Website zugreift oder wenn der Browser zu einem sp\u00e4teren Zeitpunkt zu dieser Website zur\u00fcckkehrt.<\/p>\n\n\n\n<p>Nur der Emittent eines Cookies kann die darin enthaltenen Informationen lesen oder \u00e4ndern.<\/p>\n\n\n\n<p>Wir verwenden Cookies, um das reibungslose Funktionieren und die Optimierung der Website und der angebotenen Dienstleistungen zu gew\u00e4hrleisten.<\/p>\n\n\n\n<p>Die auf dieser Website installierten Cookies dienen insbesondere folgenden Zwecken:<\/p>\n\n\n\n<h3 class=\"wp-block-heading\">Cookies, die dazu dienen, bestimmte Informationen zu speichern, sich bei einem Dienst zu authentifizieren oder die Benutzeroberfl\u00e4che zu personalisieren&nbsp;:<\/h3>\n\n\n\n<p>Wenn Sie einen Kommentar auf unserer Website abgeben, wird Ihnen angeboten, Ihren Namen, Ihre E-Mail-Adresse und Ihre Website in Cookies zu speichern. Dies ist nur zu Ihrer Bequemlichkeit, damit Sie diese Informationen nicht eingeben m\u00fcssen, wenn Sie sp\u00e4ter einen weiteren Kommentar abgeben. Diese Cookies laufen nach einem Jahr ab.<\/p>\n\n\n\n<p>Wenn Sie auf die Anmeldeseite gehen, wird ein tempor\u00e4res Cookie erstellt, um festzustellen, ob Ihr Browser Cookies akzeptiert. Sie enth\u00e4lt keine pers\u00f6nlichen Daten und wird automatisch gel\u00f6scht, wenn Sie Ihren Browser schlie\u00dfen.<\/p>\n\n\n\n<p>Wenn Sie sich einloggen, werden wir eine Reihe von Cookies setzen, um Ihre Anmeldeinformationen und Bildschirmeinstellungen zu speichern. Die Lebensdauer eines Verbindungs-Cookies betr\u00e4gt zwei Tage, die eines Bildschirmoptions-Cookies ein Jahr. Wenn Sie &#8220;&nbsp;An mich erinnern&nbsp;&#8220; ankreuzen, wird Ihr Anmelde-Cookie zwei Wochen lang gespeichert. Wenn Sie sich von Ihrem Konto abmelden, wird der Anmelde-Cookie gel\u00f6scht.<\/p>\n\n\n\n<p>Wenn Sie eine Publikation bearbeiten oder ver\u00f6ffentlichen, wird ein zus\u00e4tzliches Cookie in Ihrem Browser gespeichert. Dieses Cookie enth\u00e4lt keine pers\u00f6nlichen Daten. Er zeigt lediglich die ID der Publikation an, die Sie gerade bearbeitet haben. Er l\u00e4uft nach einem Tag ab.<\/p>\n\n\n\n<h3 class=\"wp-block-heading\">Messung der Einschaltquoten&nbsp;:<\/h3>\n\n\n\n<h4 class=\"wp-block-heading\">Wp Statistics<\/h4>\n\n\n\n<p>Diese Website nutzt WP Statistics als Instrument zur Messung des Publikums. Die dort erfassten Informationen werden so erhoben, dass Ihre IP-Adresse, die Sie identifizieren kann, anonymisiert wird, so dass keine pers\u00f6nlichen Daten identifiziert werden k\u00f6nnen.<\/p>\n\n\n\n<p>Diese Daten werden ausschlie\u00dflich zwischen der Agentur 3ma group, die dieses Tool implementiert hat, und dem Endbetreiber dieser Website ausgetauscht. Die Daten werden f\u00fcr einen Zeitraum von maximal 48 Monaten gesammelt.<\/p>\n\n\n\n<h4 class=\"wp-block-heading\">Eingebettete Inhalte von anderen Websites<\/h4>\n\n\n\n<p>Die Artikel auf dieser Website k\u00f6nnen eingebettete Inhalte enthalten (z.B. Videos, Bilder, Artikel&#8230;). Inhalte, die von anderen Websites eingebunden werden, verhalten sich so, als ob der Besucher diese andere Website besuchen w\u00fcrde.<\/p>\n\n\n\n<p>Diese Webseiten k\u00f6nnen Daten \u00fcber Sie sammeln, Cookies verwenden, Tracking-Tools von Dritten einbetten und Ihre Interaktionen mit diesen eingebetteten Inhalten verfolgen, wenn Sie ein angemeldetes Konto auf ihrer Webseite haben.<\/p>\n\n\n\n<h2 class=\"wp-block-heading\">Wie kann ich die Cookies einstellen&nbsp;?<\/h2>\n\n\n\n<p>Diese Website verwendet Cookies, die Ihre Zustimmung erfordern.<\/p>\n\n\n\n<p>Wenn Sie auf unsere Website zugreifen, haben Sie die M\u00f6glichkeit, die Hinterlegung von Cookies, die von unserer Website verwendet werden und nicht unbedingt erforderlich sind, zuzulassen oder abzulehnen. Sie werden nur dann hinterlegt, wenn Sie mit ihrer Verwendung einverstanden sind. Um Ihre Wahl einzustellen oder jederzeit zu \u00e4ndern, k\u00f6nnen Sie unser Tool zur Verwaltung von Cookies verwenden.<\/p>\n\n\n\n<p>Wenn Sie Ihren Browser so einstellen, dass er Cookies ablehnt, k\u00f6nnen bestimmte Funktionen, Seiten und Bereiche der Website nicht zug\u00e4nglich sein, wof\u00fcr wir nicht verantwortlich sind.<\/p>\n\n\n\n<p>Wir m\u00f6chten Sie auch darauf hinweisen, dass, wenn Sie die Installation oder Verwendung eines Cookies ablehnen, ein Ablehnungs-Cookie auf Ihrem Endger\u00e4t installiert wird.<\/p>\n\n\n\n<p>Wenn Sie dieses Opt-Out-Cookie l\u00f6schen, ist es nicht mehr m\u00f6glich, Sie als Opt-Out-Cookie zu identifizieren.<\/p>\n\n\n\n<p>Ebenso wird ein Cookie gesetzt, wenn Sie der Installation von Cookies zustimmen. Die Cookies f\u00fcr die Zustimmung oder Ablehnung m\u00fcssen auf Ihrem Endger\u00e4t verbleiben.<\/p>\n\n\n\n<h3 class=\"wp-block-heading\">Um Cookies abzulehnen, in der Praxis&nbsp;:<\/h3>\n\n\n\n<p>Sie k\u00f6nnen die Speicherung von Cookies \u00fcber die Startseite verhindern, wenn Sie auf die Website zugreifen, indem Sie auf &#8220;&nbsp;Akzeptieren&nbsp;&#8222;, &#8220;&nbsp;Ablehnen&nbsp;&#8220; oder &#8220;&nbsp;Cookies anpassen&nbsp;&#8220; klicken.<\/p>\n\n\n\n<p>Sie k\u00f6nnen auch die Einstellungen Ihres Browsers konfigurieren, z.B. wie folgt:<\/p>\n\n\n\n<ul>\n<li>F\u00fcr Microsoft Edge : <a href=\"https:\/\/support.microsoft.com\/fr-fr\/microsoft-edge\/supprimer-les-cookies-dans-microsoft-edge-63947406-40ac-c3b8-57b9-2a946a29ae09\">\n  <u>Siehe Link<\/u>\n<\/a><\/li>\n\n\n\n<li>F\u00fcr Firefox : <a href=\"https:\/\/support.mozilla.org\/fr\/kb\/effacer-les-cookies-pour-supprimer-les-information\">\n  <u>Siehe Link<\/u>\n<\/a><\/li>\n\n\n\n<li>F\u00fcr Google Chrome : <a href=\"https:\/\/support.google.com\/chrome\/answer\/95647?co=GENIE.Platform%3DDesktop&amp;hl=fr\">\n  <u>Siehe Link<\/u>\n<\/a><\/li>\n\n\n\n<li>F\u00fcr Safari : <a href=\"https:\/\/support.apple.com\/fr-fr\/HT201265\">\n  <u>Siehe Link<\/u>\n<\/a><\/li>\n<\/ul>\n\n\n\n<h2 class=\"wp-block-heading\">\u00c4nderung dieser Politik<\/h2>\n\n\n\n<p>Wenn diese Richtlinie ge\u00e4ndert wird oder wenn dies gesetzlich vorgeschrieben ist, wird die \u00c4nderung auf unserer Website ver\u00f6ffentlicht und ist ab dem Zeitpunkt der Ver\u00f6ffentlichung wirksam. Wir bitten Sie daher, sich bei jedem Besuch auf die neueste Version zu beziehen, die st\u00e4ndig auf unseren Websites und Anwendungen verf\u00fcgbar ist.<\/p>\n\t\t\t\t\t\t<\/div>\n\t\t\t\t<\/div>\n\t\t\t\t\t<\/div>\n\t\t\t\t<\/div>\n\t\t\t\t<\/div>\n\t\t","protected":false},"excerpt":{"rendered":"<p>Der Schutz der pers\u00f6nlichen Daten und der Privatsph\u00e4re der Nutzer unserer Website ist f\u00fcr uns von gr\u00f6\u00dfter Bedeutung. Personenbezogene Daten&#8220; sind alle Informationen, die sich auf eine nat\u00fcrliche Person beziehen, die direkt oder indirekt identifiziert wird oder identifiziert werden kann. Kontaktdaten des Verantwortlichen f\u00fcr die Verarbeitung personenbezogener Daten&nbsp;: Firma: Eco bois alsace Url der Website: [&hellip;]<\/p>\n","protected":false},"author":2,"featured_media":0,"parent":0,"menu_order":0,"comment_status":"closed","ping_status":"closed","template":"","meta":{"footnotes":""},"yoast_head":"<!-- This site is optimized with the Yoast SEO plugin v23.8 - https:\/\/yoast.com\/wordpress\/plugins\/seo\/ -->\n<title>Datenschutzrichtlinie - Eco Bois Alsace<\/title>\n<meta name=\"robots\" content=\"index, follow, max-snippet:-1, max-image-preview:large, max-video-preview:-1\" \/>\n<link rel=\"canonical\" href=\"https:\/\/eco-bois-alsace.fr\/de\/datenschutzrichtlinie\/\" \/>\n<meta property=\"og:locale\" content=\"de_DE\" \/>\n<meta property=\"og:type\" content=\"article\" \/>\n<meta property=\"og:title\" content=\"Datenschutzrichtlinie - Eco Bois Alsace\" \/>\n<meta property=\"og:description\" content=\"Der Schutz der pers\u00f6nlichen Daten und der Privatsph\u00e4re der Nutzer unserer Website ist f\u00fcr uns von gr\u00f6\u00dfter Bedeutung. Personenbezogene Daten&#8220; sind alle Informationen, die sich auf eine nat\u00fcrliche Person beziehen, die direkt oder indirekt identifiziert wird oder identifiziert werden kann. Kontaktdaten des Verantwortlichen f\u00fcr die Verarbeitung personenbezogener Daten&nbsp;: Firma: Eco bois alsace Url der Website: [&hellip;]\" \/>\n<meta property=\"og:url\" content=\"https:\/\/eco-bois-alsace.fr\/de\/datenschutzrichtlinie\/\" \/>\n<meta property=\"og:site_name\" content=\"Eco Bois Alsace\" \/>\n<meta property=\"article:modified_time\" content=\"2024-07-05T10:23:59+00:00\" \/>\n<meta name=\"twitter:card\" content=\"summary_large_image\" \/>\n<meta name=\"twitter:label1\" content=\"Gesch\u00e4tzte Lesezeit\" \/>\n\t<meta name=\"twitter:data1\" content=\"9 Minuten\" \/>\n<script type=\"application\/ld+json\" class=\"yoast-schema-graph\">{\"@context\":\"https:\/\/schema.org\",\"@graph\":[{\"@type\":\"WebPage\",\"@id\":\"https:\/\/eco-bois-alsace.fr\/de\/datenschutzrichtlinie\/\",\"url\":\"https:\/\/eco-bois-alsace.fr\/de\/datenschutzrichtlinie\/\",\"name\":\"Datenschutzrichtlinie - Eco Bois Alsace\",\"isPartOf\":{\"@id\":\"https:\/\/eco-bois-alsace.fr\/de\/#website\"},\"datePublished\":\"2024-06-04T10:13:21+00:00\",\"dateModified\":\"2024-07-05T10:23:59+00:00\",\"breadcrumb\":{\"@id\":\"https:\/\/eco-bois-alsace.fr\/de\/datenschutzrichtlinie\/#breadcrumb\"},\"inLanguage\":\"de-DE\",\"potentialAction\":[{\"@type\":\"ReadAction\",\"target\":[\"https:\/\/eco-bois-alsace.fr\/de\/datenschutzrichtlinie\/\"]}]},{\"@type\":\"BreadcrumbList\",\"@id\":\"https:\/\/eco-bois-alsace.fr\/de\/datenschutzrichtlinie\/#breadcrumb\",\"itemListElement\":[{\"@type\":\"ListItem\",\"position\":1,\"name\":\"Accueil\",\"item\":\"https:\/\/eco-bois-alsace.fr\/de\/\"},{\"@type\":\"ListItem\",\"position\":2,\"name\":\"Datenschutzrichtlinie\"}]},{\"@type\":\"WebSite\",\"@id\":\"https:\/\/eco-bois-alsace.fr\/de\/#website\",\"url\":\"https:\/\/eco-bois-alsace.fr\/de\/\",\"name\":\"Eco Bois Alsace\",\"description\":\"\",\"publisher\":{\"@id\":\"https:\/\/eco-bois-alsace.fr\/de\/#organization\"},\"potentialAction\":[{\"@type\":\"SearchAction\",\"target\":{\"@type\":\"EntryPoint\",\"urlTemplate\":\"https:\/\/eco-bois-alsace.fr\/de\/?s={search_term_string}\"},\"query-input\":{\"@type\":\"PropertyValueSpecification\",\"valueRequired\":true,\"valueName\":\"search_term_string\"}}],\"inLanguage\":\"de-DE\"},{\"@type\":\"Organization\",\"@id\":\"https:\/\/eco-bois-alsace.fr\/de\/#organization\",\"name\":\"Eco Bois Alsace\",\"url\":\"https:\/\/eco-bois-alsace.fr\/de\/\",\"logo\":{\"@type\":\"ImageObject\",\"inLanguage\":\"de-DE\",\"@id\":\"https:\/\/eco-bois-alsace.fr\/de\/#\/schema\/logo\/image\/\",\"url\":\"https:\/\/eco-bois-alsace.fr\/wp-content\/uploads\/2024\/06\/Logo-blanc_ecoboisalsace.png\",\"contentUrl\":\"https:\/\/eco-bois-alsace.fr\/wp-content\/uploads\/2024\/06\/Logo-blanc_ecoboisalsace.png\",\"width\":552,\"height\":152,\"caption\":\"Eco Bois Alsace\"},\"image\":{\"@id\":\"https:\/\/eco-bois-alsace.fr\/de\/#\/schema\/logo\/image\/\"}}]}<\/script>\n<!-- \/ Yoast SEO plugin. -->","yoast_head_json":{"title":"Datenschutzrichtlinie - Eco Bois Alsace","robots":{"index":"index","follow":"follow","max-snippet":"max-snippet:-1","max-image-preview":"max-image-preview:large","max-video-preview":"max-video-preview:-1"},"canonical":"https:\/\/eco-bois-alsace.fr\/de\/datenschutzrichtlinie\/","og_locale":"de_DE","og_type":"article","og_title":"Datenschutzrichtlinie - Eco Bois Alsace","og_description":"Der Schutz der pers\u00f6nlichen Daten und der Privatsph\u00e4re der Nutzer unserer Website ist f\u00fcr uns von gr\u00f6\u00dfter Bedeutung. Personenbezogene Daten&#8220; sind alle Informationen, die sich auf eine nat\u00fcrliche Person beziehen, die direkt oder indirekt identifiziert wird oder identifiziert werden kann. Kontaktdaten des Verantwortlichen f\u00fcr die Verarbeitung personenbezogener Daten&nbsp;: Firma: Eco bois alsace Url der Website: [&hellip;]","og_url":"https:\/\/eco-bois-alsace.fr\/de\/datenschutzrichtlinie\/","og_site_name":"Eco Bois Alsace","article_modified_time":"2024-07-05T10:23:59+00:00","twitter_card":"summary_large_image","twitter_misc":{"Gesch\u00e4tzte Lesezeit":"9 Minuten"},"schema":{"@context":"https:\/\/schema.org","@graph":[{"@type":"WebPage","@id":"https:\/\/eco-bois-alsace.fr\/de\/datenschutzrichtlinie\/","url":"https:\/\/eco-bois-alsace.fr\/de\/datenschutzrichtlinie\/","name":"Datenschutzrichtlinie - Eco Bois Alsace","isPartOf":{"@id":"https:\/\/eco-bois-alsace.fr\/de\/#website"},"datePublished":"2024-06-04T10:13:21+00:00","dateModified":"2024-07-05T10:23:59+00:00","breadcrumb":{"@id":"https:\/\/eco-bois-alsace.fr\/de\/datenschutzrichtlinie\/#breadcrumb"},"inLanguage":"de-DE","potentialAction":[{"@type":"ReadAction","target":["https:\/\/eco-bois-alsace.fr\/de\/datenschutzrichtlinie\/"]}]},{"@type":"BreadcrumbList","@id":"https:\/\/eco-bois-alsace.fr\/de\/datenschutzrichtlinie\/#breadcrumb","itemListElement":[{"@type":"ListItem","position":1,"name":"Accueil","item":"https:\/\/eco-bois-alsace.fr\/de\/"},{"@type":"ListItem","position":2,"name":"Datenschutzrichtlinie"}]},{"@type":"WebSite","@id":"https:\/\/eco-bois-alsace.fr\/de\/#website","url":"https:\/\/eco-bois-alsace.fr\/de\/","name":"Eco Bois Alsace","description":"","publisher":{"@id":"https:\/\/eco-bois-alsace.fr\/de\/#organization"},"potentialAction":[{"@type":"SearchAction","target":{"@type":"EntryPoint","urlTemplate":"https:\/\/eco-bois-alsace.fr\/de\/?s={search_term_string}"},"query-input":{"@type":"PropertyValueSpecification","valueRequired":true,"valueName":"search_term_string"}}],"inLanguage":"de-DE"},{"@type":"Organization","@id":"https:\/\/eco-bois-alsace.fr\/de\/#organization","name":"Eco Bois Alsace","url":"https:\/\/eco-bois-alsace.fr\/de\/","logo":{"@type":"ImageObject","inLanguage":"de-DE","@id":"https:\/\/eco-bois-alsace.fr\/de\/#\/schema\/logo\/image\/","url":"https:\/\/eco-bois-alsace.fr\/wp-content\/uploads\/2024\/06\/Logo-blanc_ecoboisalsace.png","contentUrl":"https:\/\/eco-bois-alsace.fr\/wp-content\/uploads\/2024\/06\/Logo-blanc_ecoboisalsace.png","width":552,"height":152,"caption":"Eco Bois Alsace"},"image":{"@id":"https:\/\/eco-bois-alsace.fr\/de\/#\/schema\/logo\/image\/"}}]}},"_links":{"self":[{"href":"https:\/\/eco-bois-alsace.fr\/de\/wp-json\/wp\/v2\/pages\/2509"}],"collection":[{"href":"https:\/\/eco-bois-alsace.fr\/de\/wp-json\/wp\/v2\/pages"}],"about":[{"href":"https:\/\/eco-bois-alsace.fr\/de\/wp-json\/wp\/v2\/types\/page"}],"author":[{"embeddable":true,"href":"https:\/\/eco-bois-alsace.fr\/de\/wp-json\/wp\/v2\/users\/2"}],"replies":[{"embeddable":true,"href":"https:\/\/eco-bois-alsace.fr\/de\/wp-json\/wp\/v2\/comments?post=2509"}],"version-history":[{"count":11,"href":"https:\/\/eco-bois-alsace.fr\/de\/wp-json\/wp\/v2\/pages\/2509\/revisions"}],"predecessor-version":[{"id":2560,"href":"https:\/\/eco-bois-alsace.fr\/de\/wp-json\/wp\/v2\/pages\/2509\/revisions\/2560"}],"wp:attachment":[{"href":"https:\/\/eco-bois-alsace.fr\/de\/wp-json\/wp\/v2\/media?parent=2509"}],"curies":[{"name":"wp","href":"https:\/\/api.w.org\/{rel}","templated":true}]}}